{"id":2190,"date":"2019-06-18T16:30:39","date_gmt":"2019-06-18T14:30:39","guid":{"rendered":"http:\/\/www.fundacioiris.org\/fes-te-voluntari\/"},"modified":"2019-06-27T08:24:52","modified_gmt":"2019-06-27T06:24:52","slug":"hazte-voluntario","status":"publish","type":"page","link":"https:\/\/www.fundacioiris.org\/es\/hazte-voluntario\/","title":{"rendered":"Hazte voluntario"},"content":{"rendered":"<section class=\"wpb-content-wrapper\"><p>[vc_row css=\u00bb.vc_custom_1560856477700{margin-top: 50px !important;}\u00bb][vc_column width=\u00bb1\/2&#8243;][vc_column_text]<strong>Necesitamos ayuda asistencial como apoyo a los profesionales<\/strong><\/p>\n<p>Hazte voluntario si quieres ayudar y estar al lado de las personas con discapacidad intelectual de la Fundaci\u00f3n Iris.[\/vc_column_text][vc_empty_space][vc_single_image image=\u00bb2065&#8243; img_size=\u00bblarge\u00bb][\/vc_column][vc_column width=\u00bb1\/2&#8243;]\n<div class=\"wpcf7 no-js\" id=\"wpcf7-f2160-o1\" lang=\"ca\" dir=\"ltr\">\n<div class=\"screen-reader-response\"><p role=\"status\" aria-live=\"polite\" aria-atomic=\"true\"><\/p> <ul><\/ul><\/div>\n<form action=\"\/es\/wp-json\/wp\/v2\/pages\/2190#wpcf7-f2160-o1\" method=\"post\" class=\"wpcf7-form init\" aria-label=\"Formulari de contacte\" novalidate=\"novalidate\" data-status=\"init\">\n<div style=\"display: none;\">\n<input type=\"hidden\" name=\"_wpcf7\" value=\"2160\" \/>\n<input type=\"hidden\" name=\"_wpcf7_version\" value=\"5.9.8\" \/>\n<input type=\"hidden\" name=\"_wpcf7_locale\" value=\"ca\" \/>\n<input type=\"hidden\" name=\"_wpcf7_unit_tag\" value=\"wpcf7-f2160-o1\" \/>\n<input type=\"hidden\" name=\"_wpcf7_container_post\" value=\"0\" \/>\n<input type=\"hidden\" name=\"_wpcf7_posted_data_hash\" value=\"\" \/>\n<input type=\"hidden\" name=\"_wpcf7_recaptcha_response\" value=\"\" \/>\n<\/div>\n<p><label> <strong>Nombre*<\/strong><br \/>\n<span class=\"wpcf7-form-control-wrap\" data-name=\"your-name\"><input size=\"40\" maxlength=\"400\" class=\"wpcf7-form-control wpcf7-text wpcf7-validates-as-required\" aria-required=\"true\" aria-invalid=\"false\" value=\"\" type=\"text\" name=\"your-name\" \/><\/span> <\/label>\n<\/p>\n<p><label> <strong>Apellidos*<\/strong><br \/>\n<span class=\"wpcf7-form-control-wrap\" data-name=\"cognoms\"><input size=\"40\" maxlength=\"400\" class=\"wpcf7-form-control wpcf7-text wpcf7-validates-as-required\" aria-required=\"true\" aria-invalid=\"false\" value=\"\" type=\"text\" name=\"cognoms\" \/><\/span> <\/label><br \/>\n<label> <strong>Fecha de nacimiento*<\/strong><br \/>\n<span class=\"wpcf7-form-control-wrap\" data-name=\"naixement\"><input class=\"wpcf7-form-control wpcf7-date wpcf7-validates-as-required wpcf7-validates-as-date\" aria-required=\"true\" aria-invalid=\"false\" value=\"\" type=\"date\" name=\"naixement\" \/><\/span> <\/label><br \/>\n<label> <strong>DNI\/NIE*<\/strong><br \/>\n<span class=\"wpcf7-form-control-wrap\" data-name=\"dni\"><input size=\"40\" maxlength=\"400\" class=\"wpcf7-form-control wpcf7-text wpcf7-validates-as-required\" aria-required=\"true\" aria-invalid=\"false\" value=\"\" type=\"text\" name=\"dni\" \/><\/span> <\/label>\n<\/p>\n<p><label> <strong>Email*<\/strong><br \/>\n<span class=\"wpcf7-form-control-wrap\" data-name=\"your-email\"><input size=\"40\" maxlength=\"400\" class=\"wpcf7-form-control wpcf7-email wpcf7-validates-as-required wpcf7-text wpcf7-validates-as-email\" aria-required=\"true\" aria-invalid=\"false\" value=\"\" type=\"email\" name=\"your-email\" \/><\/span> <\/label><br \/>\n<label> <strong>Tel\u00e9fono*<\/strong><br \/>\n<span class=\"wpcf7-form-control-wrap\" data-name=\"telefon\"><input size=\"40\" maxlength=\"400\" class=\"wpcf7-form-control wpcf7-text wpcf7-validates-as-required\" aria-required=\"true\" aria-invalid=\"false\" value=\"\" type=\"text\" name=\"telefon\" \/><\/span> <\/label><br \/>\n<label> <strong>Codigo postal*<\/strong><br \/>\n<span class=\"wpcf7-form-control-wrap\" data-name=\"codipostal\"><input size=\"40\" maxlength=\"400\" class=\"wpcf7-form-control wpcf7-text wpcf7-validates-as-required\" aria-required=\"true\" aria-invalid=\"false\" value=\"\" type=\"text\" name=\"codipostal\" \/><\/span> <\/label>\n<\/p>\n<p><label> <strong>Experiencia:<\/strong><\/label><br \/>\n<span class=\"wpcf7-form-control-wrap\" data-name=\"experiencia\"><span class=\"wpcf7-form-control wpcf7-radio\"><span class=\"wpcf7-list-item first\"><span class=\"wpcf7-list-item-label\">S\u00ed<\/span><input type=\"radio\" name=\"experiencia\" value=\"S\u00ed\" checked=\"checked\" \/><\/span><span class=\"wpcf7-list-item last\"><span class=\"wpcf7-list-item-label\">No<\/span><input type=\"radio\" name=\"experiencia\" value=\"No\" \/><\/span><\/span><\/span>\n<\/p>\n<p><label> <strong>T\u00edtulo monitor de ocio:<\/strong><\/label><br \/>\n<span class=\"wpcf7-form-control-wrap\" data-name=\"monitor\"><span class=\"wpcf7-form-control wpcf7-radio\"><span class=\"wpcf7-list-item first\"><span class=\"wpcf7-list-item-label\">Si<\/span><input type=\"radio\" name=\"monitor\" value=\"Si\" checked=\"checked\" \/><\/span><span class=\"wpcf7-list-item last\"><span class=\"wpcf7-list-item-label\">No<\/span><input type=\"radio\" name=\"monitor\" value=\"No\" \/><\/span><\/span><\/span>\n<\/p>\n<p><label> <strong>Motivo solicitud*<\/strong><br \/>\n<span class=\"wpcf7-form-control-wrap\" data-name=\"motiu\"><input size=\"40\" maxlength=\"400\" class=\"wpcf7-form-control wpcf7-text wpcf7-validates-as-required\" aria-required=\"true\" aria-invalid=\"false\" value=\"\" type=\"text\" name=\"motiu\" \/><\/span> <\/label>\n<\/p>\n<p><label> <strong>Disponibilidad horaria:*<\/strong><br \/>\n<span class=\"wpcf7-form-control-wrap\" data-name=\"horari\"><input size=\"40\" maxlength=\"400\" class=\"wpcf7-form-control wpcf7-text wpcf7-validates-as-required\" aria-required=\"true\" aria-invalid=\"false\" value=\"\" type=\"text\" name=\"horari\" \/><\/span> <\/label>\n<\/p>\n<div class=\"form-legal\">\n\t<p>*Seg\u00fan lo establecido en la Ley 15\/1999 relativa a la Protecci\u00f3n de Datos de Car\u00e1cter Personal (LOPD) de 13 de diciembre de 1999, le informamos de que sus datos est\u00e1n incorporados en un fichero automatizado propiedad de la Fundaci\u00f3n Privada Iris, con la finalidad para la que se han recogido y podr\u00e1n ser utilizados para hacerle llegar comunicaciones peri\u00f3dicas.<br \/>\nDe acuerdo con esta Ley, usted tiene derecho a ejercitar los derechos que le asisten de conocer, oponerse, cancel\u00f3 o rectificar los datos recopilados en nuestro fichero, as\u00ed como dirigirse por escrito a: Fundaci\u00f3n privada Iris calle Primero de Mayo, 9 de Sant Vicen\u00e7 dels Horts, CP 08620 CIF: G61224986 Tel\u00e9fono: 936563675 Fax: 936563989 Email: fundacio@fundacioiris.org en caso de que no quiera formar parte del fichero de datos automatizado. Para m\u00e1s informaci\u00f3n, por favor, visite nuestra <a href=\"\/wp-content\/uploads\/2019\/06\/proteccion-datos-IRIS.pdf\" target=\"_blank\" >Pol\u00edtica de privacidad<\/a> y el <a href=\"\/wp-content\/uploads\/2019\/06\/avisoLegal_IRIS.pdf\" target=\"_blank\" >Aviso Legal<\/a>.\n\t<\/p>\n<\/div>\n<p><span class=\"wpcf7-form-control-wrap\" data-name=\"acceptance-651\"><span class=\"wpcf7-form-control wpcf7-acceptance\"><span class=\"wpcf7-list-item\"><input type=\"checkbox\" name=\"acceptance-651\" value=\"1\" aria-invalid=\"false\" \/><\/span><\/span><\/span> He le\u00eddo y acepto la <a href=\"\/wp-content\/uploads\/2019\/06\/proteccion-datos-IRIS.pdf\" target=\"_blank\" >Pol\u00edtica de privacidad<\/a> y el <a href=\"\/wp-content\/uploads\/2019\/06\/avisoLegal_IRIS.pdf\" target=\"_blank\" >Aviso Legal<\/a>\n<\/p>\n<p><input class=\"wpcf7-form-control wpcf7-submit has-spinner more submit-contact-form\" type=\"submit\" value=\"Enviar\" \/>\n<\/p><div class=\"wpcf7-response-output\" aria-hidden=\"true\"><\/div>\n<\/form>\n<\/div>\n[\/vc_column][\/vc_row]<\/p>\n<\/section>","protected":false},"excerpt":{"rendered":"<p>[vc_row css=\u00bb.vc_custom_1560856477700{margin-top: 50px !important;}\u00bb][vc_column width=\u00bb1\/2&#8243;][vc_column_text]Necesitamos ayuda asistencial como apoyo a los profesionales Hazte voluntario si quieres ayudar y estar al lado de las personas con discapacidad intelectual de la Fundaci\u00f3n Iris.[\/vc_column_text][vc_empty_space][vc_single_image image=\u00bb2065&#8243; img_size=\u00bblarge\u00bb][\/vc_column][vc_column width=\u00bb1\/2&#8243;][\/vc_column][\/vc_row]<\/p>\n","protected":false},"author":3,"featured_media":0,"parent":0,"menu_order":0,"comment_status":"closed","ping_status":"closed","template":"","meta":{"_acf_changed":false,"footnotes":""},"acf":[],"yoast_head":"<!-- This site is optimized with the Yoast SEO plugin v24.5 - https:\/\/yoast.com\/wordpress\/plugins\/seo\/ -->\n<title>Hazte voluntario | Fundaci\u00f3 Iris<\/title>\n<meta name=\"description\" content=\"Hazte voluntario si quieres ayudar y estar al lado de las personas con discapacidad intelectual de la Fundaci\u00f3n Iris.\" \/>\n<meta name=\"robots\" content=\"index, follow, max-snippet:-1, max-image-preview:large, max-video-preview:-1\" \/>\n<link rel=\"canonical\" href=\"https:\/\/www.fundacioiris.org\/fes-te-voluntari\/\" \/>\n<meta property=\"og:locale\" content=\"es_ES\" \/>\n<meta property=\"og:type\" content=\"article\" \/>\n<meta property=\"og:title\" content=\"Hazte voluntario | Fundaci\u00f3 Iris\" \/>\n<meta property=\"og:description\" content=\"Hazte voluntario si quieres ayudar y estar al lado de las personas con discapacidad intelectual de la Fundaci\u00f3n Iris.\" \/>\n<meta property=\"og:url\" content=\"https:\/\/www.fundacioiris.org\/fes-te-voluntari\/\" \/>\n<meta property=\"og:site_name\" content=\"Fundaci\u00f3 Iris\" \/>\n<meta property=\"article:modified_time\" content=\"2019-06-27T06:24:52+00:00\" \/>\n<meta name=\"twitter:card\" content=\"summary_large_image\" \/>\n<script type=\"application\/ld+json\" class=\"yoast-schema-graph\">{\"@context\":\"https:\/\/schema.org\",\"@graph\":[{\"@type\":\"WebPage\",\"@id\":\"https:\/\/www.fundacioiris.org\/fes-te-voluntari\/\",\"url\":\"https:\/\/www.fundacioiris.org\/fes-te-voluntari\/\",\"name\":\"Hazte voluntario | Fundaci\u00f3 Iris\",\"isPartOf\":{\"@id\":\"https:\/\/www.fundacioiris.org\/es\/#website\"},\"datePublished\":\"2019-06-18T14:30:39+00:00\",\"dateModified\":\"2019-06-27T06:24:52+00:00\",\"description\":\"Hazte voluntario si quieres ayudar y estar al lado de las personas con discapacidad intelectual de la Fundaci\u00f3n Iris.\",\"breadcrumb\":{\"@id\":\"https:\/\/www.fundacioiris.org\/fes-te-voluntari\/#breadcrumb\"},\"inLanguage\":\"es\",\"potentialAction\":[{\"@type\":\"ReadAction\",\"target\":[\"https:\/\/www.fundacioiris.org\/fes-te-voluntari\/\"]}]},{\"@type\":\"BreadcrumbList\",\"@id\":\"https:\/\/www.fundacioiris.org\/fes-te-voluntari\/#breadcrumb\",\"itemListElement\":[{\"@type\":\"ListItem\",\"position\":1,\"name\":\"Inici\",\"item\":\"https:\/\/www.fundacioiris.org\/es\/\"},{\"@type\":\"ListItem\",\"position\":2,\"name\":\"Hazte voluntario\"}]},{\"@type\":\"WebSite\",\"@id\":\"https:\/\/www.fundacioiris.org\/es\/#website\",\"url\":\"https:\/\/www.fundacioiris.org\/es\/\",\"name\":\"Fundaci\u00f3 Iris\",\"description\":\"Desde 1973 al lado de las personas con discapacidad intelectual\",\"potentialAction\":[{\"@type\":\"SearchAction\",\"target\":{\"@type\":\"EntryPoint\",\"urlTemplate\":\"https:\/\/www.fundacioiris.org\/es\/?s={search_term_string}\"},\"query-input\":{\"@type\":\"PropertyValueSpecification\",\"valueRequired\":true,\"valueName\":\"search_term_string\"}}],\"inLanguage\":\"es\"}]}<\/script>\n<!-- \/ Yoast SEO plugin. -->","yoast_head_json":{"title":"Hazte voluntario | Fundaci\u00f3 Iris","description":"Hazte voluntario si quieres ayudar y estar al lado de las personas con discapacidad intelectual de la Fundaci\u00f3n Iris.","robots":{"index":"index","follow":"follow","max-snippet":"max-snippet:-1","max-image-preview":"max-image-preview:large","max-video-preview":"max-video-preview:-1"},"canonical":"https:\/\/www.fundacioiris.org\/fes-te-voluntari\/","og_locale":"es_ES","og_type":"article","og_title":"Hazte voluntario | Fundaci\u00f3 Iris","og_description":"Hazte voluntario si quieres ayudar y estar al lado de las personas con discapacidad intelectual de la Fundaci\u00f3n Iris.","og_url":"https:\/\/www.fundacioiris.org\/fes-te-voluntari\/","og_site_name":"Fundaci\u00f3 Iris","article_modified_time":"2019-06-27T06:24:52+00:00","twitter_card":"summary_large_image","schema":{"@context":"https:\/\/schema.org","@graph":[{"@type":"WebPage","@id":"https:\/\/www.fundacioiris.org\/fes-te-voluntari\/","url":"https:\/\/www.fundacioiris.org\/fes-te-voluntari\/","name":"Hazte voluntario | Fundaci\u00f3 Iris","isPartOf":{"@id":"https:\/\/www.fundacioiris.org\/es\/#website"},"datePublished":"2019-06-18T14:30:39+00:00","dateModified":"2019-06-27T06:24:52+00:00","description":"Hazte voluntario si quieres ayudar y estar al lado de las personas con discapacidad intelectual de la Fundaci\u00f3n Iris.","breadcrumb":{"@id":"https:\/\/www.fundacioiris.org\/fes-te-voluntari\/#breadcrumb"},"inLanguage":"es","potentialAction":[{"@type":"ReadAction","target":["https:\/\/www.fundacioiris.org\/fes-te-voluntari\/"]}]},{"@type":"BreadcrumbList","@id":"https:\/\/www.fundacioiris.org\/fes-te-voluntari\/#breadcrumb","itemListElement":[{"@type":"ListItem","position":1,"name":"Inici","item":"https:\/\/www.fundacioiris.org\/es\/"},{"@type":"ListItem","position":2,"name":"Hazte voluntario"}]},{"@type":"WebSite","@id":"https:\/\/www.fundacioiris.org\/es\/#website","url":"https:\/\/www.fundacioiris.org\/es\/","name":"Fundaci\u00f3 Iris","description":"Desde 1973 al lado de las personas con discapacidad intelectual","potentialAction":[{"@type":"SearchAction","target":{"@type":"EntryPoint","urlTemplate":"https:\/\/www.fundacioiris.org\/es\/?s={search_term_string}"},"query-input":{"@type":"PropertyValueSpecification","valueRequired":true,"valueName":"search_term_string"}}],"inLanguage":"es"}]}},"_links":{"self":[{"href":"https:\/\/www.fundacioiris.org\/es\/wp-json\/wp\/v2\/pages\/2190"}],"collection":[{"href":"https:\/\/www.fundacioiris.org\/es\/wp-json\/wp\/v2\/pages"}],"about":[{"href":"https:\/\/www.fundacioiris.org\/es\/wp-json\/wp\/v2\/types\/page"}],"author":[{"embeddable":true,"href":"https:\/\/www.fundacioiris.org\/es\/wp-json\/wp\/v2\/users\/3"}],"replies":[{"embeddable":true,"href":"https:\/\/www.fundacioiris.org\/es\/wp-json\/wp\/v2\/comments?post=2190"}],"version-history":[{"count":2,"href":"https:\/\/www.fundacioiris.org\/es\/wp-json\/wp\/v2\/pages\/2190\/revisions"}],"predecessor-version":[{"id":2192,"href":"https:\/\/www.fundacioiris.org\/es\/wp-json\/wp\/v2\/pages\/2190\/revisions\/2192"}],"wp:attachment":[{"href":"https:\/\/www.fundacioiris.org\/es\/wp-json\/wp\/v2\/media?parent=2190"}],"curies":[{"name":"wp","href":"https:\/\/api.w.org\/{rel}","templated":true}]}}