{"id":2184,"date":"2019-06-18T16:45:37","date_gmt":"2019-06-18T14:45:37","guid":{"rendered":"http:\/\/www.fundacioiris.org\/fes-una-iniciativa-solidaria\/"},"modified":"2019-06-27T08:27:17","modified_gmt":"2019-06-27T06:27:17","slug":"realiza-una-iniciativa-solidaria","status":"publish","type":"page","link":"https:\/\/www.fundacioiris.org\/es\/realiza-una-iniciativa-solidaria\/","title":{"rendered":"Realiza una iniciativa solidaria"},"content":{"rendered":"<section class=\"wpb-content-wrapper\"><p>[vc_row css=\u00bb.vc_custom_1560856477700{margin-top: 50px !important;}\u00bb][vc_column width=\u00bb1\/2&#8243;][vc_column_text]<strong>Necesitamos iniciativas solidarias para garantizar los servicios de la Fundaci\u00f3n Iris<\/strong><\/p>\n<p>A trav\u00e9s de iniciativas solidarias de empresas, entidades y particulares la Fundaci\u00f3n Iris puede seguir trabajando en la formaci\u00f3n y educaci\u00f3n de las personas con discapacidad intelectual.<\/p>\n<p>S\u00f3lo necesitas imaginaci\u00f3n y compartir tu propuesta a tu entorno social. Aqu\u00ed te damos algunas ideas:<\/p>\n<ul>\n<li><strong> Acto social: <\/strong> Si haces una fiesta de cumplea\u00f1os o te casas puedes pedir de regalo a los invitados que hagan una donaci\u00f3n a la Fundaci\u00f3n Iris.<\/li>\n<li><strong> Actividades deportivas: <\/strong> Organizar una bicicletada, una caminata o unas clases de baile de sal\u00f3n para la discapacidad intelectual.<\/li>\n<li><strong> Actos culturales: <\/strong> Un concierto, una exposici\u00f3n, una obra de teatro tambi\u00e9n son buenas v\u00edas para recaudar fondos para la Fundaci\u00f3n Iris.<\/li>\n<\/ul>\n<p>[\/vc_column_text][vc_empty_space][vc_single_image image=\u00bb2068&#8243; img_size=\u00bblarge\u00bb][\/vc_column][vc_column width=\u00bb1\/2&#8243;]\n<div class=\"wpcf7 no-js\" id=\"wpcf7-f2161-o1\" lang=\"ca\" dir=\"ltr\">\n<div class=\"screen-reader-response\"><p role=\"status\" aria-live=\"polite\" aria-atomic=\"true\"><\/p> <ul><\/ul><\/div>\n<form action=\"\/es\/wp-json\/wp\/v2\/pages\/2184#wpcf7-f2161-o1\" method=\"post\" class=\"wpcf7-form init\" aria-label=\"Formulari de contacte\" novalidate=\"novalidate\" data-status=\"init\">\n<div style=\"display: none;\">\n<input type=\"hidden\" name=\"_wpcf7\" value=\"2161\" \/>\n<input type=\"hidden\" name=\"_wpcf7_version\" value=\"5.9.8\" \/>\n<input type=\"hidden\" name=\"_wpcf7_locale\" value=\"ca\" \/>\n<input type=\"hidden\" name=\"_wpcf7_unit_tag\" value=\"wpcf7-f2161-o1\" \/>\n<input type=\"hidden\" name=\"_wpcf7_container_post\" value=\"0\" \/>\n<input type=\"hidden\" name=\"_wpcf7_posted_data_hash\" value=\"\" \/>\n<input type=\"hidden\" name=\"_wpcf7_recaptcha_response\" value=\"\" \/>\n<\/div>\n<p><label> <strong>Nombre*<\/strong><br \/>\n<span class=\"wpcf7-form-control-wrap\" data-name=\"your-name\"><input size=\"40\" maxlength=\"400\" class=\"wpcf7-form-control wpcf7-text wpcf7-validates-as-required\" aria-required=\"true\" aria-invalid=\"false\" value=\"\" type=\"text\" name=\"your-name\" \/><\/span> <\/label><br \/>\n<label> <strong>Apellidos*<\/strong><br \/>\n<span class=\"wpcf7-form-control-wrap\" data-name=\"cognoms\"><input size=\"40\" maxlength=\"400\" class=\"wpcf7-form-control wpcf7-text wpcf7-validates-as-required\" aria-required=\"true\" aria-invalid=\"false\" value=\"\" type=\"text\" name=\"cognoms\" \/><\/span> <\/label><br \/>\n<label> <strong>Email*<\/strong><br \/>\n<span class=\"wpcf7-form-control-wrap\" data-name=\"your-email\"><input size=\"40\" maxlength=\"400\" class=\"wpcf7-form-control wpcf7-email wpcf7-validates-as-required wpcf7-text wpcf7-validates-as-email\" aria-required=\"true\" aria-invalid=\"false\" value=\"\" type=\"email\" name=\"your-email\" \/><\/span> <\/label><br \/>\n<label> <strong>Tel\u00e9fono*<\/strong><br \/>\n<span class=\"wpcf7-form-control-wrap\" data-name=\"telefon\"><input size=\"40\" maxlength=\"400\" class=\"wpcf7-form-control wpcf7-text wpcf7-validates-as-required\" aria-required=\"true\" aria-invalid=\"false\" value=\"\" type=\"text\" name=\"telefon\" \/><\/span> <\/label>\n<\/p>\n<p><label> <strong>Cu\u00e9ntanos la iniciativa<\/strong><br \/>\n<span class=\"wpcf7-form-control-wrap\" data-name=\"your-message\"><textarea cols=\"40\" rows=\"10\" maxlength=\"2000\" class=\"wpcf7-form-control wpcf7-textarea wpcf7-validates-as-required\" aria-required=\"true\" aria-invalid=\"false\" name=\"your-message\"><\/textarea><\/span> <\/label>\n<\/p>\n<div class=\"form-legal\">\n\t<p>*Seg\u00fan lo establecido en la Ley 15\/1999 relativa a la Protecci\u00f3n de Datos de Car\u00e1cter Personal (LOPD) de 13 de diciembre de 1999, le informamos de que sus datos est\u00e1n incorporados en un fichero automatizado propiedad de la Fundaci\u00f3n Privada Iris, con la finalidad para la que se han recogido y podr\u00e1n ser utilizados para hacerle llegar comunicaciones peri\u00f3dicas.<br \/>\nDe acuerdo con esta Ley, usted tiene derecho a ejercitar los derechos que le asisten de conocer, oponerse, cancel\u00f3 o rectificar los datos recopilados en nuestro fichero, as\u00ed como dirigirse por escrito a: Fundaci\u00f3n privada Iris calle Primero de Mayo, 9 de Sant Vicen\u00e7 dels Horts, CP 08620 CIF: G61224986 Tel\u00e9fono: 936563675 Fax: 936563989 Email: fundacio@fundacioiris.org en caso de que no quiera formar parte del fichero de datos automatizado. Para m\u00e1s informaci\u00f3n, por favor, visite nuestra <a href=\"\/wp-content\/uploads\/2019\/06\/proteccion-datos-IRIS.pdf\" target=\"_blank\" >Pol\u00edtica de privacidad<\/a> y el <a href=\"\/wp-content\/uploads\/2019\/06\/avisoLegal_IRIS.pdf\" target=\"_blank\" >Aviso Legal<\/a>.\n\t<\/p>\n<\/div>\n<p><span class=\"wpcf7-form-control-wrap\" data-name=\"acceptance-651\"><span class=\"wpcf7-form-control wpcf7-acceptance\"><span class=\"wpcf7-list-item\"><input type=\"checkbox\" name=\"acceptance-651\" value=\"1\" aria-invalid=\"false\" \/><\/span><\/span><\/span> He le\u00eddo y acepto la <a href=\"\/wp-content\/uploads\/2019\/06\/proteccion-datos-IRIS.pdf\" target=\"_blank\" >Pol\u00edtica de privacidad<\/a> y el <a href=\"\/wp-content\/uploads\/2019\/06\/avisoLegal_IRIS.pdf\" target=\"_blank\" >Aviso Legal<\/a>\n<\/p>\n<p><input class=\"wpcf7-form-control wpcf7-submit has-spinner more submit-contact-form\" type=\"submit\" value=\"Enviar\" \/>\n<\/p><div class=\"wpcf7-response-output\" aria-hidden=\"true\"><\/div>\n<\/form>\n<\/div>\n[\/vc_column][\/vc_row]<\/p>\n<\/section>","protected":false},"excerpt":{"rendered":"<p>[vc_row css=\u00bb.vc_custom_1560856477700{margin-top: 50px !important;}\u00bb][vc_column width=\u00bb1\/2&#8243;][vc_column_text]Necesitamos iniciativas solidarias para garantizar los servicios de la Fundaci\u00f3n Iris A trav\u00e9s de iniciativas solidarias de empresas, entidades y particulares la Fundaci\u00f3n Iris puede seguir trabajando en la formaci\u00f3n y educaci\u00f3n de las personas con discapacidad intelectual. S\u00f3lo necesitas imaginaci\u00f3n y compartir tu propuesta a tu entorno social. Aqu\u00ed te<\/p>\n","protected":false},"author":3,"featured_media":0,"parent":0,"menu_order":0,"comment_status":"closed","ping_status":"closed","template":"","meta":{"_acf_changed":false,"footnotes":""},"acf":[],"yoast_head":"<!-- This site is optimized with the Yoast SEO plugin v24.5 - https:\/\/yoast.com\/wordpress\/plugins\/seo\/ -->\n<title>Realiza una iniciativa solidaria | Fundaci\u00f3 Iris<\/title>\n<meta name=\"description\" content=\"A trav\u00e9s de iniciativas solidarias la Fundaci\u00f3n Iris puede seguir trabajando en la formaci\u00f3n y educaci\u00f3n de las personas con discapacidad intelectual.\" \/>\n<meta name=\"robots\" content=\"index, follow, max-snippet:-1, max-image-preview:large, max-video-preview:-1\" \/>\n<link rel=\"canonical\" href=\"https:\/\/www.fundacioiris.org\/fes-una-iniciativa-solidaria\/\" \/>\n<meta property=\"og:locale\" content=\"es_ES\" \/>\n<meta property=\"og:type\" content=\"article\" \/>\n<meta property=\"og:title\" content=\"Realiza una iniciativa solidaria | Fundaci\u00f3 Iris\" \/>\n<meta property=\"og:description\" content=\"A trav\u00e9s de iniciativas solidarias la Fundaci\u00f3n Iris puede seguir trabajando en la formaci\u00f3n y educaci\u00f3n de las personas con discapacidad intelectual.\" \/>\n<meta property=\"og:url\" content=\"https:\/\/www.fundacioiris.org\/fes-una-iniciativa-solidaria\/\" \/>\n<meta property=\"og:site_name\" content=\"Fundaci\u00f3 Iris\" \/>\n<meta property=\"article:modified_time\" content=\"2019-06-27T06:27:17+00:00\" \/>\n<meta name=\"twitter:card\" content=\"summary_large_image\" \/>\n<meta name=\"twitter:label1\" content=\"Tiempo de lectura\" \/>\n\t<meta name=\"twitter:data1\" content=\"1 minuto\" \/>\n<script type=\"application\/ld+json\" class=\"yoast-schema-graph\">{\"@context\":\"https:\/\/schema.org\",\"@graph\":[{\"@type\":\"WebPage\",\"@id\":\"https:\/\/www.fundacioiris.org\/fes-una-iniciativa-solidaria\/\",\"url\":\"https:\/\/www.fundacioiris.org\/fes-una-iniciativa-solidaria\/\",\"name\":\"Realiza una iniciativa solidaria | Fundaci\u00f3 Iris\",\"isPartOf\":{\"@id\":\"https:\/\/www.fundacioiris.org\/es\/#website\"},\"datePublished\":\"2019-06-18T14:45:37+00:00\",\"dateModified\":\"2019-06-27T06:27:17+00:00\",\"description\":\"A trav\u00e9s de iniciativas solidarias la Fundaci\u00f3n Iris puede seguir trabajando en la formaci\u00f3n y educaci\u00f3n de las personas con discapacidad intelectual.\",\"breadcrumb\":{\"@id\":\"https:\/\/www.fundacioiris.org\/fes-una-iniciativa-solidaria\/#breadcrumb\"},\"inLanguage\":\"es\",\"potentialAction\":[{\"@type\":\"ReadAction\",\"target\":[\"https:\/\/www.fundacioiris.org\/fes-una-iniciativa-solidaria\/\"]}]},{\"@type\":\"BreadcrumbList\",\"@id\":\"https:\/\/www.fundacioiris.org\/fes-una-iniciativa-solidaria\/#breadcrumb\",\"itemListElement\":[{\"@type\":\"ListItem\",\"position\":1,\"name\":\"Inici\",\"item\":\"https:\/\/www.fundacioiris.org\/es\/\"},{\"@type\":\"ListItem\",\"position\":2,\"name\":\"Realiza una iniciativa solidaria\"}]},{\"@type\":\"WebSite\",\"@id\":\"https:\/\/www.fundacioiris.org\/es\/#website\",\"url\":\"https:\/\/www.fundacioiris.org\/es\/\",\"name\":\"Fundaci\u00f3 Iris\",\"description\":\"Desde 1973 al lado de las personas con discapacidad intelectual\",\"potentialAction\":[{\"@type\":\"SearchAction\",\"target\":{\"@type\":\"EntryPoint\",\"urlTemplate\":\"https:\/\/www.fundacioiris.org\/es\/?s={search_term_string}\"},\"query-input\":{\"@type\":\"PropertyValueSpecification\",\"valueRequired\":true,\"valueName\":\"search_term_string\"}}],\"inLanguage\":\"es\"}]}<\/script>\n<!-- \/ Yoast SEO plugin. -->","yoast_head_json":{"title":"Realiza una iniciativa solidaria | Fundaci\u00f3 Iris","description":"A trav\u00e9s de iniciativas solidarias la Fundaci\u00f3n Iris puede seguir trabajando en la formaci\u00f3n y educaci\u00f3n de las personas con discapacidad intelectual.","robots":{"index":"index","follow":"follow","max-snippet":"max-snippet:-1","max-image-preview":"max-image-preview:large","max-video-preview":"max-video-preview:-1"},"canonical":"https:\/\/www.fundacioiris.org\/fes-una-iniciativa-solidaria\/","og_locale":"es_ES","og_type":"article","og_title":"Realiza una iniciativa solidaria | Fundaci\u00f3 Iris","og_description":"A trav\u00e9s de iniciativas solidarias la Fundaci\u00f3n Iris puede seguir trabajando en la formaci\u00f3n y educaci\u00f3n de las personas con discapacidad intelectual.","og_url":"https:\/\/www.fundacioiris.org\/fes-una-iniciativa-solidaria\/","og_site_name":"Fundaci\u00f3 Iris","article_modified_time":"2019-06-27T06:27:17+00:00","twitter_card":"summary_large_image","twitter_misc":{"Tiempo de lectura":"1 minuto"},"schema":{"@context":"https:\/\/schema.org","@graph":[{"@type":"WebPage","@id":"https:\/\/www.fundacioiris.org\/fes-una-iniciativa-solidaria\/","url":"https:\/\/www.fundacioiris.org\/fes-una-iniciativa-solidaria\/","name":"Realiza una iniciativa solidaria | Fundaci\u00f3 Iris","isPartOf":{"@id":"https:\/\/www.fundacioiris.org\/es\/#website"},"datePublished":"2019-06-18T14:45:37+00:00","dateModified":"2019-06-27T06:27:17+00:00","description":"A trav\u00e9s de iniciativas solidarias la Fundaci\u00f3n Iris puede seguir trabajando en la formaci\u00f3n y educaci\u00f3n de las personas con discapacidad intelectual.","breadcrumb":{"@id":"https:\/\/www.fundacioiris.org\/fes-una-iniciativa-solidaria\/#breadcrumb"},"inLanguage":"es","potentialAction":[{"@type":"ReadAction","target":["https:\/\/www.fundacioiris.org\/fes-una-iniciativa-solidaria\/"]}]},{"@type":"BreadcrumbList","@id":"https:\/\/www.fundacioiris.org\/fes-una-iniciativa-solidaria\/#breadcrumb","itemListElement":[{"@type":"ListItem","position":1,"name":"Inici","item":"https:\/\/www.fundacioiris.org\/es\/"},{"@type":"ListItem","position":2,"name":"Realiza una iniciativa solidaria"}]},{"@type":"WebSite","@id":"https:\/\/www.fundacioiris.org\/es\/#website","url":"https:\/\/www.fundacioiris.org\/es\/","name":"Fundaci\u00f3 Iris","description":"Desde 1973 al lado de las personas con discapacidad intelectual","potentialAction":[{"@type":"SearchAction","target":{"@type":"EntryPoint","urlTemplate":"https:\/\/www.fundacioiris.org\/es\/?s={search_term_string}"},"query-input":{"@type":"PropertyValueSpecification","valueRequired":true,"valueName":"search_term_string"}}],"inLanguage":"es"}]}},"_links":{"self":[{"href":"https:\/\/www.fundacioiris.org\/es\/wp-json\/wp\/v2\/pages\/2184"}],"collection":[{"href":"https:\/\/www.fundacioiris.org\/es\/wp-json\/wp\/v2\/pages"}],"about":[{"href":"https:\/\/www.fundacioiris.org\/es\/wp-json\/wp\/v2\/types\/page"}],"author":[{"embeddable":true,"href":"https:\/\/www.fundacioiris.org\/es\/wp-json\/wp\/v2\/users\/3"}],"replies":[{"embeddable":true,"href":"https:\/\/www.fundacioiris.org\/es\/wp-json\/wp\/v2\/comments?post=2184"}],"version-history":[{"count":3,"href":"https:\/\/www.fundacioiris.org\/es\/wp-json\/wp\/v2\/pages\/2184\/revisions"}],"predecessor-version":[{"id":2187,"href":"https:\/\/www.fundacioiris.org\/es\/wp-json\/wp\/v2\/pages\/2184\/revisions\/2187"}],"wp:attachment":[{"href":"https:\/\/www.fundacioiris.org\/es\/wp-json\/wp\/v2\/media?parent=2184"}],"curies":[{"name":"wp","href":"https:\/\/api.w.org\/{rel}","templated":true}]}}